{"id":4181,"date":"2025-03-02T07:34:38","date_gmt":"2025-03-02T06:34:38","guid":{"rendered":"https:\/\/prevision-h2020.eu\/?post_type=product&#038;p=4181"},"modified":"2025-03-02T07:36:04","modified_gmt":"2025-03-02T06:36:04","slug":"nuubu-plasturi","status":"publish","type":"product","link":"https:\/\/prevision-h2020.eu\/ro\/produkt\/nuubu-plasturi\/","title":{"rendered":"Nuubu plasturi"},"content":{"rendered":"<p>&#8222;`html<\/p>\n<h2>Testul produsului Nuubu plasturi<\/h2>\n<p>\u00cen era modern\u0103, preocup\u0103rile legate de s\u0103n\u0103tate \u0219i bun\u0103stare sunt mai importante ca niciodat\u0103. Oamenii caut\u0103 solu\u021bii naturale pentru detoxifiere \u0219i \u00eembun\u0103t\u0103\u021birea st\u0103rii generale de s\u0103n\u0103tate. Un produs care a c\u00e2\u0219tigat popularitate recent\u0103 este <strong>Nuubu plasturi<\/strong>. Ace\u0219ti plasturi promi\u021b\u00e2nd detoxifierea organismului prin metode tradi\u021bionale, merit\u0103 o analiz\u0103 detaliat\u0103. \u00cen acest articol, vom explora caracteristicile, beneficiile \u0219i recenziile utilizatorilor pentru a oferi o evaluare cuprinz\u0103toare.<\/p>\n<h2>Ce sunt plasturii Nuubu?<\/h2>\n<p>Plasturii Nuubu sunt un produs inovator destinat detoxifierii organismului. Ace\u0219tia sunt realiza\u021bi din ingrediente naturale, av\u00e2nd ca scop absorb\u021bia toxinelor \u0219i a impurit\u0103\u021bilor din corp \u00een timpul somnului. Conceptul se bazeaz\u0103 pe tradi\u021bii orientale de \u00eengrijire a s\u0103n\u0103t\u0103\u021bii, care sus\u021bin c\u0103 prin aplicarea de plasturi la picioare, se pot \u00eembun\u0103t\u0103\u021bi func\u021biile organismului.<\/p>\n<h3>Compozi\u021bia \u0219i ingredientele<\/h3>\n<p>Plasturii Nuubu con\u021bin o combina\u021bie de ingrediente naturale, inclusiv:<\/p>\n<ul>\n<li><strong>O\u021bet de orez<\/strong> &#8211; ajut\u0103 la detoxifierea pielii \u0219i la \u00eembun\u0103t\u0103\u021birea circula\u021biei sanguine.<\/li>\n<li><strong>Extract de bambus<\/strong> &#8211; cunoscut pentru propriet\u0103\u021bile sale antiinflamatorii \u0219i antioxidante.<\/li>\n<li><strong>Extract de ginseng<\/strong> &#8211; stimuleaz\u0103 metabolismul \u0219i cre\u0219te energia general\u0103.<\/li>\n<li><strong>Minereuri naturale<\/strong> &#8211; ajut\u0103 la eliminarea toxinelor din organism.<\/li>\n<\/ul>\n<h3>Mod de utilizare<\/h3>\n<p>Utilizarea plasturilor Nuubu este simpl\u0103. Se aplic\u0103 pe t\u0103lpile picioarelor \u00eenainte de a merge la culcare \u0219i se las\u0103 s\u0103 ac\u021bioneze pe parcursul nop\u021bii. Diminea\u021ba, plasturii sunt \u00eendep\u0103rta\u021bi, iar utilizatorii pot observa o schimbare de culoare, care indic\u0103 absorb\u021bia toxinelor.<\/p>\n<h2>Beneficiile utiliz\u0103rii plasturilor Nuubu<\/h2>\n<p>Beneficiile utiliz\u0103rii plasturilor Nuubu sunt variate \u0219i pot avea un impact pozitiv asupra s\u0103n\u0103t\u0103\u021bii. Mai jos este o tabel\u0103 care sintetizeaz\u0103 avantajele principale:<\/p>\n<table>\n<tr>\n<th>Beneficiu<\/th>\n<th>Descriere<\/th>\n<\/tr>\n<tr>\n<td>\ud83c\udf31 Detoxifiere eficient\u0103<\/td>\n<td>Plasturii ajut\u0103 la eliminarea toxinelor din organism, ceea ce poate duce la o stare general\u0103 de bine \u0219i la \u00eembun\u0103t\u0103\u021birea func\u021biilor organelor interne.<\/td>\n<\/tr>\n<tr>\n<td>\ud83d\udca4 \u00cembun\u0103t\u0103\u021birea somnului<\/td>\n<td>Mul\u021bi utilizatori au raportat un somn mai profund \u0219i odihnitor dup\u0103 utilizarea plasturilor, datorit\u0103 efectului lor relaxant.<\/td>\n<\/tr>\n<tr>\n<td>\u26a1 Cre\u0219terea energiei<\/td>\n<td>Prin detoxifiere, utilizatorii au observat o cre\u0219tere a nivelului de energie \u0219i o reducere a oboselii cronice.<\/td>\n<\/tr>\n<tr>\n<td>\ud83c\udf3f Ingrediente naturale<\/td>\n<td>Plasturii sunt fabrica\u021bi din ingrediente 100% naturale, f\u0103r\u0103 aditivi chimici, ceea ce \u00eei face siguri pentru utilizare.<\/td>\n<\/tr>\n<tr>\n<td>\ud83e\uddd8\u200d\u2640\ufe0f Reducerea stresului<\/td>\n<td>Prin promovarea relax\u0103rii \u0219i \u00eembun\u0103t\u0103\u021birea circula\u021biei, plasturii pot contribui la reducerea nivelului de stres.<\/td>\n<\/tr>\n<\/table>\n<h2>Experien\u021bele utilizatorilor<\/h2>\n<p>Recenziile utilizatorilor sunt esen\u021biale pentru a evalua eficien\u021ba unui produs. Multe persoane care au \u00eencercat plasturii Nuubu au avut experien\u021be pozitive. Iat\u0103 c\u00e2teva dintre p\u0103rerile acestora:<\/p>\n<h3>Experien\u021be pozitive<\/h3>\n<p>Un utilizator, Maria, a men\u021bionat: <em>&#8222;Dup\u0103 prima utilizare, am observat c\u0103 aveam mai mult\u0103 energie \u00een timpul zilei. Plasturii au un efect relaxant \u0219i m-au ajutat s\u0103 dorm mai bine. Recomand cu \u00eencredere!&#8221;<\/em><\/p>\n<p>Un alt utilizator, Andrei, a declarat: <em>&#8222;Sunt sceptic de fel, dar am decis s\u0103 \u00eencerc plasturii Nuubu din curiozitate. Rezultatele m-au surprins! M-am sim\u021bit mult mai bine, iar durerile de cap au disp\u0103rut.&#8221;<\/em><\/p>\n<h3>Critici \u0219i observa\u021bii<\/h3>\n<p>De\u0219i majoritatea recenziilor sunt pozitive, exist\u0103 \u0219i utilizatori care nu au observat schimb\u0103ri semnificative. De exemplu, Alina a spus: <em>&#8222;Am folosit plasturii timp de o s\u0103pt\u0103m\u00e2n\u0103, dar nu am v\u0103zut o mare diferen\u021b\u0103. Poate c\u0103 este nevoie de mai mult timp pentru a observa rezultatele.&#8221;<\/em><\/p>\n<h2>Concluzie<\/h2>\n<p>\u00cen concluzie, plasturii Nuubu reprezint\u0103 o op\u021biune interesant\u0103 pentru cei care doresc s\u0103 \u00ee\u0219i \u00eembun\u0103t\u0103\u021beasc\u0103 s\u0103n\u0103tatea prin metode naturale. Beneficiile poten\u021biale includ detoxifierea eficient\u0103, \u00eembun\u0103t\u0103\u021birea somnului, cre\u0219terea energiei \u0219i reducerea stresului. Majoritatea utilizatorilor au raportat rezultate pozitive, dar este important s\u0103 men\u021bion\u0103m c\u0103 efectele pot varia de la o persoan\u0103 la alta.<\/p>\n<p>A\u0219adar, dac\u0103 sunte\u021bi \u00een c\u0103utarea unei metode naturale de a v\u0103 \u00eembun\u0103t\u0103\u021bi starea de s\u0103n\u0103tate, merit\u0103 s\u0103 \u00eencerca\u021bi plasturii Nuubu. Totu\u0219i, ca \u00eentotdeauna, este recomandat s\u0103 consulta\u021bi un specialist \u00een s\u0103n\u0103tate \u00eenainte de a \u00eencepe orice nou regim de tratament.<\/p>\n<p>&#8222;`<\/p>\n","protected":false},"excerpt":{"rendered":"<p>&#8222;`html Testul produsului Nuubu plasturi \u00cen era modern\u0103, preocup\u0103rile legate de s\u0103n\u0103tate \u0219i bun\u0103stare sunt mai importante ca niciodat\u0103. Oamenii caut\u0103 solu\u021bii naturale pentru detoxifiere \u0219i \u00eembun\u0103t\u0103\u021birea st\u0103rii generale de s\u0103n\u0103tate. Un produs care a c\u00e2\u0219tigat popularitate recent\u0103 este Nuubu plasturi. Ace\u0219ti plasturi promi\u021b\u00e2nd detoxifierea organismului prin metode tradi\u021bionale, merit\u0103 o analiz\u0103 detaliat\u0103. \u00cen acest &#8230; <a title=\"Nuubu plasturi\" class=\"read-more\" href=\"https:\/\/prevision-h2020.eu\/ro\/produkt\/nuubu-plasturi\/\" aria-label=\"Cite\u0219te mai multe despre Nuubu plasturi\">Weiterlesen &#8230;<\/a><\/p>\n","protected":false},"featured_media":3157,"comment_status":"open","ping_status":"closed","template":"","meta":[],"product_brand":[],"product_cat":[97],"product_tag":[],"class_list":{"0":"post-4181","1":"product","2":"type-product","3":"status-publish","4":"has-post-thumbnail","6":"product_cat-unkategorisiert-4","8":"first","9":"instock","10":"sale","11":"shipping-taxable","12":"product-type-external"},"yoast_head":"<!-- This site is optimized with the Yoast SEO plugin v27.4 - https:\/\/yoast.com\/product\/yoast-seo-wordpress\/ -->\n<title>Nuubu plasturi \u2764\ufe0f 70% reducere la pre\u021bul din Rom\u00e2nia<\/title>\n<meta name=\"robots\" content=\"index, follow, max-snippet:-1, max-image-preview:large, max-video-preview:-1\" \/>\n<link rel=\"canonical\" href=\"https:\/\/prevision-h2020.eu\/ro\/produkt\/nuubu-plasturi\/\" \/>\n<meta property=\"og:locale\" content=\"ro_RO\" \/>\n<meta property=\"og:type\" content=\"article\" \/>\n<meta property=\"og:title\" content=\"Nuubu plasturi \u2764\ufe0f 70% reducere la pre\u021bul din Rom\u00e2nia\" \/>\n<meta property=\"og:description\" content=\"&#8222;`html Testul produsului Nuubu plasturi \u00cen era modern\u0103, preocup\u0103rile legate de s\u0103n\u0103tate \u0219i bun\u0103stare sunt mai importante ca niciodat\u0103. Oamenii caut\u0103 solu\u021bii naturale pentru detoxifiere \u0219i \u00eembun\u0103t\u0103\u021birea st\u0103rii generale de s\u0103n\u0103tate. Un produs care a c\u00e2\u0219tigat popularitate recent\u0103 este Nuubu plasturi. Ace\u0219ti plasturi promi\u021b\u00e2nd detoxifierea organismului prin metode tradi\u021bionale, merit\u0103 o analiz\u0103 detaliat\u0103. \u00cen acest ... Weiterlesen ...\" \/>\n<meta property=\"og:url\" content=\"https:\/\/prevision-h2020.eu\/ro\/produkt\/nuubu-plasturi\/\" \/>\n<meta property=\"og:site_name\" content=\"prevision-h2020.eu\" \/>\n<meta property=\"article:modified_time\" content=\"2025-03-02T06:36:04+00:00\" \/>\n<meta property=\"og:image\" content=\"https:\/\/prevision-h2020.eu\/wp-content\/uploads\/2025\/03\/nuubu.jpg\" \/>\n\t<meta property=\"og:image:width\" content=\"800\" \/>\n\t<meta property=\"og:image:height\" content=\"800\" \/>\n\t<meta property=\"og:image:type\" content=\"image\/jpeg\" \/>\n<meta name=\"twitter:card\" content=\"summary_large_image\" \/>\n<meta name=\"twitter:label1\" content=\"Timp estimat pentru citire\" \/>\n\t<meta name=\"twitter:data1\" content=\"15 minute\" \/>\n<script type=\"application\/ld+json\" class=\"yoast-schema-graph\">{\"@context\":\"https:\\\/\\\/schema.org\",\"@graph\":[{\"@type\":\"WebPage\",\"@id\":\"https:\\\/\\\/prevision-h2020.eu\\\/ro\\\/produkt\\\/nuubu-plasturi\\\/\",\"url\":\"https:\\\/\\\/prevision-h2020.eu\\\/ro\\\/produkt\\\/nuubu-plasturi\\\/\",\"name\":\"Nuubu plasturi \u2764\ufe0f 70% reducere la pre\u021bul din Rom\u00e2nia\",\"isPartOf\":{\"@id\":\"https:\\\/\\\/prevision-h2020.eu\\\/ro\\\/#website\"},\"primaryImageOfPage\":{\"@id\":\"https:\\\/\\\/prevision-h2020.eu\\\/ro\\\/produkt\\\/nuubu-plasturi\\\/#primaryimage\"},\"image\":{\"@id\":\"https:\\\/\\\/prevision-h2020.eu\\\/ro\\\/produkt\\\/nuubu-plasturi\\\/#primaryimage\"},\"thumbnailUrl\":\"https:\\\/\\\/prevision-h2020.eu\\\/wp-content\\\/uploads\\\/2025\\\/03\\\/nuubu.jpg\",\"datePublished\":\"2025-03-02T06:34:38+00:00\",\"dateModified\":\"2025-03-02T06:36:04+00:00\",\"breadcrumb\":{\"@id\":\"https:\\\/\\\/prevision-h2020.eu\\\/ro\\\/produkt\\\/nuubu-plasturi\\\/#breadcrumb\"},\"inLanguage\":\"ro-RO\",\"potentialAction\":[{\"@type\":\"ReadAction\",\"target\":[\"https:\\\/\\\/prevision-h2020.eu\\\/ro\\\/produkt\\\/nuubu-plasturi\\\/\"]}]},{\"@type\":\"ImageObject\",\"inLanguage\":\"ro-RO\",\"@id\":\"https:\\\/\\\/prevision-h2020.eu\\\/ro\\\/produkt\\\/nuubu-plasturi\\\/#primaryimage\",\"url\":\"https:\\\/\\\/prevision-h2020.eu\\\/wp-content\\\/uploads\\\/2025\\\/03\\\/nuubu.jpg\",\"contentUrl\":\"https:\\\/\\\/prevision-h2020.eu\\\/wp-content\\\/uploads\\\/2025\\\/03\\\/nuubu.jpg\",\"width\":800,\"height\":800},{\"@type\":\"BreadcrumbList\",\"@id\":\"https:\\\/\\\/prevision-h2020.eu\\\/ro\\\/produkt\\\/nuubu-plasturi\\\/#breadcrumb\",\"itemListElement\":[{\"@type\":\"ListItem\",\"position\":1,\"name\":\"Startseite\",\"item\":\"https:\\\/\\\/prevision-h2020.eu\\\/ro\\\/\"},{\"@type\":\"ListItem\",\"position\":2,\"name\":\"Shop\",\"item\":\"https:\\\/\\\/prevision-h2020.eu\\\/ro\\\/shop\\\/\"},{\"@type\":\"ListItem\",\"position\":3,\"name\":\"Nuubu plasturi\"}]},{\"@type\":\"WebSite\",\"@id\":\"https:\\\/\\\/prevision-h2020.eu\\\/ro\\\/#website\",\"url\":\"https:\\\/\\\/prevision-h2020.eu\\\/ro\\\/\",\"name\":\"prevision-h2020.eu\",\"description\":\"\",\"publisher\":{\"@id\":\"https:\\\/\\\/prevision-h2020.eu\\\/ro\\\/#organization\"},\"potentialAction\":[{\"@type\":\"SearchAction\",\"target\":{\"@type\":\"EntryPoint\",\"urlTemplate\":\"https:\\\/\\\/prevision-h2020.eu\\\/ro\\\/?s={search_term_string}\"},\"query-input\":{\"@type\":\"PropertyValueSpecification\",\"valueRequired\":true,\"valueName\":\"search_term_string\"}}],\"inLanguage\":\"ro-RO\"},{\"@type\":\"Organization\",\"@id\":\"https:\\\/\\\/prevision-h2020.eu\\\/ro\\\/#organization\",\"name\":\"prevision-h2020.eu\",\"url\":\"https:\\\/\\\/prevision-h2020.eu\\\/ro\\\/\",\"logo\":{\"@type\":\"ImageObject\",\"inLanguage\":\"ro-RO\",\"@id\":\"https:\\\/\\\/prevision-h2020.eu\\\/ro\\\/#\\\/schema\\\/logo\\\/image\\\/\",\"url\":\"https:\\\/\\\/prevision-h2020.eu\\\/wp-content\\\/uploads\\\/2025\\\/07\\\/logo.jpg\",\"contentUrl\":\"https:\\\/\\\/prevision-h2020.eu\\\/wp-content\\\/uploads\\\/2025\\\/07\\\/logo.jpg\",\"width\":272,\"height\":130,\"caption\":\"prevision-h2020.eu\"},\"image\":{\"@id\":\"https:\\\/\\\/prevision-h2020.eu\\\/ro\\\/#\\\/schema\\\/logo\\\/image\\\/\"}}]}<\/script>\n<!-- \/ Yoast SEO plugin. -->","yoast_head_json":{"title":"Nuubu plasturi \u2764\ufe0f 70% reducere la pre\u021bul din Rom\u00e2nia","robots":{"index":"index","follow":"follow","max-snippet":"max-snippet:-1","max-image-preview":"max-image-preview:large","max-video-preview":"max-video-preview:-1"},"canonical":"https:\/\/prevision-h2020.eu\/ro\/produkt\/nuubu-plasturi\/","og_locale":"ro_RO","og_type":"article","og_title":"Nuubu plasturi \u2764\ufe0f 70% reducere la pre\u021bul din Rom\u00e2nia","og_description":"&#8222;`html Testul produsului Nuubu plasturi \u00cen era modern\u0103, preocup\u0103rile legate de s\u0103n\u0103tate \u0219i bun\u0103stare sunt mai importante ca niciodat\u0103. Oamenii caut\u0103 solu\u021bii naturale pentru detoxifiere \u0219i \u00eembun\u0103t\u0103\u021birea st\u0103rii generale de s\u0103n\u0103tate. Un produs care a c\u00e2\u0219tigat popularitate recent\u0103 este Nuubu plasturi. Ace\u0219ti plasturi promi\u021b\u00e2nd detoxifierea organismului prin metode tradi\u021bionale, merit\u0103 o analiz\u0103 detaliat\u0103. \u00cen acest ... Weiterlesen ...","og_url":"https:\/\/prevision-h2020.eu\/ro\/produkt\/nuubu-plasturi\/","og_site_name":"prevision-h2020.eu","article_modified_time":"2025-03-02T06:36:04+00:00","og_image":[{"width":800,"height":800,"url":"https:\/\/prevision-h2020.eu\/wp-content\/uploads\/2025\/03\/nuubu.jpg","type":"image\/jpeg"}],"twitter_card":"summary_large_image","twitter_misc":{"Timp estimat pentru citire":"15 minute"},"schema":{"@context":"https:\/\/schema.org","@graph":[{"@type":"WebPage","@id":"https:\/\/prevision-h2020.eu\/ro\/produkt\/nuubu-plasturi\/","url":"https:\/\/prevision-h2020.eu\/ro\/produkt\/nuubu-plasturi\/","name":"Nuubu plasturi \u2764\ufe0f 70% reducere la pre\u021bul din Rom\u00e2nia","isPartOf":{"@id":"https:\/\/prevision-h2020.eu\/ro\/#website"},"primaryImageOfPage":{"@id":"https:\/\/prevision-h2020.eu\/ro\/produkt\/nuubu-plasturi\/#primaryimage"},"image":{"@id":"https:\/\/prevision-h2020.eu\/ro\/produkt\/nuubu-plasturi\/#primaryimage"},"thumbnailUrl":"https:\/\/prevision-h2020.eu\/wp-content\/uploads\/2025\/03\/nuubu.jpg","datePublished":"2025-03-02T06:34:38+00:00","dateModified":"2025-03-02T06:36:04+00:00","breadcrumb":{"@id":"https:\/\/prevision-h2020.eu\/ro\/produkt\/nuubu-plasturi\/#breadcrumb"},"inLanguage":"ro-RO","potentialAction":[{"@type":"ReadAction","target":["https:\/\/prevision-h2020.eu\/ro\/produkt\/nuubu-plasturi\/"]}]},{"@type":"ImageObject","inLanguage":"ro-RO","@id":"https:\/\/prevision-h2020.eu\/ro\/produkt\/nuubu-plasturi\/#primaryimage","url":"https:\/\/prevision-h2020.eu\/wp-content\/uploads\/2025\/03\/nuubu.jpg","contentUrl":"https:\/\/prevision-h2020.eu\/wp-content\/uploads\/2025\/03\/nuubu.jpg","width":800,"height":800},{"@type":"BreadcrumbList","@id":"https:\/\/prevision-h2020.eu\/ro\/produkt\/nuubu-plasturi\/#breadcrumb","itemListElement":[{"@type":"ListItem","position":1,"name":"Startseite","item":"https:\/\/prevision-h2020.eu\/ro\/"},{"@type":"ListItem","position":2,"name":"Shop","item":"https:\/\/prevision-h2020.eu\/ro\/shop\/"},{"@type":"ListItem","position":3,"name":"Nuubu plasturi"}]},{"@type":"WebSite","@id":"https:\/\/prevision-h2020.eu\/ro\/#website","url":"https:\/\/prevision-h2020.eu\/ro\/","name":"prevision-h2020.eu","description":"","publisher":{"@id":"https:\/\/prevision-h2020.eu\/ro\/#organization"},"potentialAction":[{"@type":"SearchAction","target":{"@type":"EntryPoint","urlTemplate":"https:\/\/prevision-h2020.eu\/ro\/?s={search_term_string}"},"query-input":{"@type":"PropertyValueSpecification","valueRequired":true,"valueName":"search_term_string"}}],"inLanguage":"ro-RO"},{"@type":"Organization","@id":"https:\/\/prevision-h2020.eu\/ro\/#organization","name":"prevision-h2020.eu","url":"https:\/\/prevision-h2020.eu\/ro\/","logo":{"@type":"ImageObject","inLanguage":"ro-RO","@id":"https:\/\/prevision-h2020.eu\/ro\/#\/schema\/logo\/image\/","url":"https:\/\/prevision-h2020.eu\/wp-content\/uploads\/2025\/07\/logo.jpg","contentUrl":"https:\/\/prevision-h2020.eu\/wp-content\/uploads\/2025\/07\/logo.jpg","width":272,"height":130,"caption":"prevision-h2020.eu"},"image":{"@id":"https:\/\/prevision-h2020.eu\/ro\/#\/schema\/logo\/image\/"}}]}},"_links":{"self":[{"href":"https:\/\/prevision-h2020.eu\/ro\/wp-json\/wp\/v2\/product\/4181","targetHints":{"allow":["GET"]}}],"collection":[{"href":"https:\/\/prevision-h2020.eu\/ro\/wp-json\/wp\/v2\/product"}],"about":[{"href":"https:\/\/prevision-h2020.eu\/ro\/wp-json\/wp\/v2\/types\/product"}],"replies":[{"embeddable":true,"href":"https:\/\/prevision-h2020.eu\/ro\/wp-json\/wp\/v2\/comments?post=4181"}],"wp:featuredmedia":[{"embeddable":true,"href":"https:\/\/prevision-h2020.eu\/ro\/wp-json\/wp\/v2\/media\/3157"}],"wp:attachment":[{"href":"https:\/\/prevision-h2020.eu\/ro\/wp-json\/wp\/v2\/media?parent=4181"}],"wp:term":[{"taxonomy":"product_brand","embeddable":true,"href":"https:\/\/prevision-h2020.eu\/ro\/wp-json\/wp\/v2\/product_brand?post=4181"},{"taxonomy":"product_cat","embeddable":true,"href":"https:\/\/prevision-h2020.eu\/ro\/wp-json\/wp\/v2\/product_cat?post=4181"},{"taxonomy":"product_tag","embeddable":true,"href":"https:\/\/prevision-h2020.eu\/ro\/wp-json\/wp\/v2\/product_tag?post=4181"}],"curies":[{"name":"wp","href":"https:\/\/api.w.org\/{rel}","templated":true}]}}