{"id":4383,"date":"2025-03-02T07:34:51","date_gmt":"2025-03-02T06:34:51","guid":{"rendered":"https:\/\/prevision-h2020.eu\/?post_type=product&#038;p=4383"},"modified":"2025-09-29T17:32:53","modified_gmt":"2025-09-29T15:32:53","slug":"floravia","status":"publish","type":"product","link":"https:\/\/prevision-h2020.eu\/fr\/produkt\/floravia\/","title":{"rendered":"Floravia"},"content":{"rendered":"<p>Dans un monde o\u00f9 le bien-\u00eatre et la sant\u00e9 personnelle occupent une place de plus en plus importante, il est essentiel de trouver des produits qui soient non seulement efficaces, mais aussi naturels. <strong>Floravia<\/strong> s&rsquo;est impos\u00e9 comme l&rsquo;un de ces produits. Gr\u00e2ce \u00e0 sa combinaison unique d&rsquo;ingr\u00e9dients naturels, Floravia promet de favoriser le bien-\u00eatre g\u00e9n\u00e9ral et d&rsquo;am\u00e9liorer la qualit\u00e9 de vie. Dans ce rapport de test, nous examinerons en d\u00e9tail les diff\u00e9rents aspects de Floravia afin de vous permettre de prendre une d\u00e9cision \u00e9clair\u00e9e.<\/p>\n<h2>Exp\u00e9riences Floravia<\/h2>\n<p><a href=\"https:\/\/floravia-avis.fr\/\">Floravia est un compl\u00e9ment alimentaire sp\u00e9cialement con\u00e7u pour favoriser le bien-\u00eatre<\/a>. Ses ingr\u00e9dients sont soigneusement s\u00e9lectionn\u00e9s et proviennent de sources naturelles. Ce produit a \u00e9t\u00e9 d\u00e9velopp\u00e9 pour activer les pouvoirs d&rsquo;auto-gu\u00e9rison du corps et am\u00e9liorer naturellement la qualit\u00e9 de vie.<\/p>\n<h2>Les ingr\u00e9dients de Floravia<\/h2>\n<p>Les principaux ingr\u00e9dients de Floravia sont les suivants :<\/p>\n<ul>\n<li><strong>Extraits d&rsquo;herbes :<\/strong> ils favorisent la sant\u00e9 et la vitalit\u00e9 g\u00e9n\u00e9rales.<\/li>\n<li><strong>Vitamines et min\u00e9raux :<\/strong> ils sont essentiels pour l&rsquo;organisme et soutiennent diverses fonctions.<\/li>\n<li><strong>Antioxydants :<\/strong> ils aident \u00e0 neutraliser les radicaux libres et \u00e0 renforcer le syst\u00e8me immunitaire.<\/li>\n<\/ul>\n<h2>Avantages de Floravia<\/h2>\n<p>Les avantages de Floravia sont nombreux et vont du renforcement du syst\u00e8me immunitaire \u00e0 la promotion de l&rsquo;\u00e9quilibre \u00e9motionnel. Dans le tableau suivant, nous avons r\u00e9sum\u00e9 les principaux avantages et propri\u00e9t\u00e9s de Floravia :<\/p>\n<table>\n<thead>\n<tr>\n<th>Avantage<\/th>\n<th>Description<\/th>\n<\/tr>\n<\/thead>\n<tbody>\n<tr>\n<td>\ud83c\udf31 Ingr\u00e9dients naturels<\/td>\n<td>Floravia utilise exclusivement des ingr\u00e9dients naturels et v\u00e9g\u00e9taux, doux pour l\u2019organisme. Cela r\u00e9duit le risque d\u2019effets secondaires et rend le produit adapt\u00e9 \u00e0 un large public.<\/td>\n<\/tr>\n<tr>\n<td>\ud83d\udcaa Soutien du syst\u00e8me immunitaire<\/td>\n<td>Gr\u00e2ce aux antioxydants et aux vitamines qu\u2019il contient, le syst\u00e8me immunitaire est renforc\u00e9. Cela aide l\u2019organisme \u00e0 mieux se d\u00e9fendre contre les maladies et les infections.<\/td>\n<\/tr>\n<tr>\n<td>\ud83e\uddd8\u200d\u2640\ufe0f Promotion de l\u2019\u00e9quilibre \u00e9motionnel<\/td>\n<td>Les ingr\u00e9dients de Floravia ont un effet apaisant sur l\u2019esprit et favorisent un \u00e9quilibre \u00e9motionnel positif. Les utilisateurs rapportent une meilleure qualit\u00e9 de vie et moins de stress.<\/td>\n<\/tr>\n<tr>\n<td>\ud83c\udf1f Utilisation polyvalente<\/td>\n<td>Floravia peut \u00eatre consomm\u00e9 par des personnes de tout \u00e2ge. Que ce soit pour g\u00e9rer le stress, soutenir le syst\u00e8me immunitaire ou simplement favoriser le bien-\u00eatre g\u00e9n\u00e9ral \u2013 il convient \u00e0 tous.<\/td>\n<\/tr>\n<tr>\n<td>\ud83d\ude80 Effet rapide<\/td>\n<td>De nombreux utilisateurs t\u00e9moignent d\u2019un effet positif rapide apr\u00e8s une courte p\u00e9riode de consommation. C\u2019est un grand avantage pour tous ceux qui ont besoin d\u2019un soutien imm\u00e9diat.<\/td>\n<\/tr>\n<\/tbody>\n<\/table>\n<h2>T\u00e9moignages d&rsquo;utilisateurs<\/h2>\n<p>Les exp\u00e9riences des utilisateurs sont un facteur d\u00e9cisif dans l&rsquo;\u00e9valuation d&rsquo;un produit. Floravia a d\u00e9j\u00e0 re\u00e7u de nombreux commentaires positifs. Voici quelques-uns des t\u00e9moignages les plus fr\u00e9quents :<\/p>\n<h3>T\u00e9moignage 1 : Anna, 32 ans<\/h3>\n<p>\u00ab J&rsquo;ai essay\u00e9 Floravia sur recommandation d&rsquo;une amie et je suis ravie. Apr\u00e8s seulement une semaine, je me sentais plus \u00e9nergique et plus \u00e9quilibr\u00e9e. Les journ\u00e9es stressantes au bureau m&rsquo;ont notamment sembl\u00e9 beaucoup plus faciles ! \u00bb<\/p>\n<h3>T\u00e9moignage 2 : Markus, 45 ans<\/h3>\n<p>\u00ab \u00c9tant quelqu&rsquo;un qui souffre r\u00e9guli\u00e8rement de rhumes, j&rsquo;\u00e9tais sceptique. Mais depuis que je prends Floravia, je me sens en bien meilleure sant\u00e9. Je ne peux que le recommander ! \u00bb<\/p>\n<h3>T\u00e9moignage 3 : Claudia, 28 ans<\/h3>\n<p>\u00ab Floravia m&rsquo;a aid\u00e9e \u00e0 retrouver mon \u00e9quilibre int\u00e9rieur. Je me sens moins stress\u00e9e et je dors mieux. C&rsquo;est un produit formidable ! \u00bb<\/p>\n<h2>\u00c9tudes scientifiques et preuves<\/h2>\n<p>Bien que la plupart des exp\u00e9riences positives soient subjectives, il existe \u00e9galement des \u00e9tudes scientifiques qui confirment l&rsquo;efficacit\u00e9 des ingr\u00e9dients contenus dans Floravia. Des \u00e9tudes ont montr\u00e9 que bon nombre des herbes et vitamines utilis\u00e9es contribuent de mani\u00e8re av\u00e9r\u00e9e \u00e0 renforcer le syst\u00e8me immunitaire et \u00e0 favoriser l&rsquo;\u00e9quilibre \u00e9motionnel.<\/p>\n<h2>Utilisation et posologie<\/h2>\n<p>La posologie recommand\u00e9e de Floravia est simple et facile \u00e0 suivre. Il est recommand\u00e9 de prendre deux g\u00e9lules par jour avec suffisamment de liquide. Pour de meilleurs r\u00e9sultats, Floravia doit \u00eatre pris sur une longue p\u00e9riode afin de profiter pleinement de ses effets positifs.<\/p>\n<h3>Conseils d&rsquo;utilisation<\/h3>\n<ul>\n<li>Il est pr\u00e9f\u00e9rable de prendre le produit au moment des repas afin d&rsquo;optimiser l&rsquo;absorption des nutriments.<\/li>\n<li>Il est important de ne pas d\u00e9passer la posologie recommand\u00e9e.<\/li>\n<li>Pour des r\u00e9sultats optimaux, il peut \u00eatre utile de combiner le produit avec une alimentation saine et une activit\u00e9 physique r\u00e9guli\u00e8re.<\/li>\n<\/ul>\n<h2>Prix et disponibilit\u00e9<\/h2>\n<p>Floravia est disponible dans diff\u00e9rentes boutiques en ligne ainsi que dans certaines pharmacies. Les prix peuvent varier, mais un paquet de 60 g\u00e9lules co\u00fbte g\u00e9n\u00e9ralement entre 25 et 35 euros. Il existe souvent des offres sp\u00e9ciales et des r\u00e9ductions qui rendent le produit encore plus attractif.<\/p>\n<h2>\u00c9valuation finale<\/h2>\n<p>En r\u00e9sum\u00e9, <strong>Floravia<\/strong> est un produit prometteur qui convainc par ses ingr\u00e9dients naturels et les t\u00e9moignages positifs des utilisateurs. Ses avantages vont du renforcement du syst\u00e8me immunitaire \u00e0 l&rsquo;am\u00e9lioration de l&rsquo;\u00e9quilibre \u00e9motionnel. Si les preuves scientifiques confirment l&rsquo;efficacit\u00e9 des ingr\u00e9dients, les exp\u00e9riences personnelles des utilisateurs sont un indicateur fort de la qualit\u00e9 du produit.<\/p>\n<p>Si vous recherchez un moyen naturel d&rsquo;am\u00e9liorer votre bien-\u00eatre, Floravia pourrait \u00eatre le produit qu&rsquo;il vous faut. Il offre une solution prometteuse, \u00e0 la fois facile \u00e0 utiliser et efficace. Nous vous recommandons d&rsquo;essayer Floravia et de constater par vous-m\u00eame les changements positifs.<\/p>\n","protected":false},"excerpt":{"rendered":"<p>Dans un monde o\u00f9 le bien-\u00eatre et la sant\u00e9 personnelle occupent une place de plus en plus importante, il est essentiel de trouver des produits qui soient non seulement efficaces, mais aussi naturels. Floravia s&rsquo;est impos\u00e9 comme l&rsquo;un de ces produits. Gr\u00e2ce \u00e0 sa combinaison unique d&rsquo;ingr\u00e9dients naturels, Floravia promet de favoriser le bien-\u00eatre g\u00e9n\u00e9ral &#8230; <a title=\"Floravia\" class=\"read-more\" href=\"https:\/\/prevision-h2020.eu\/fr\/produkt\/floravia\/\" aria-label=\"En savoir plus sur Floravia\">Weiterlesen &#8230;<\/a><\/p>\n","protected":false},"featured_media":3635,"comment_status":"open","ping_status":"closed","template":"","meta":[],"product_brand":[],"product_cat":[86],"product_tag":[],"class_list":{"0":"post-4383","1":"product","2":"type-product","3":"status-publish","4":"has-post-thumbnail","6":"product_cat-non-categorise","8":"first","9":"instock","10":"sale","11":"shipping-taxable","12":"product-type-external"},"yoast_head":"<!-- This site is optimized with the Yoast SEO plugin v27.4 - https:\/\/yoast.com\/product\/yoast-seo-wordpress\/ -->\n<title>Floravia Avis \u2623\ufe0f \u00c9conomisez 43 % d\u00e8s maintenant en France<\/title>\n<meta name=\"robots\" content=\"index, follow, max-snippet:-1, max-image-preview:large, max-video-preview:-1\" \/>\n<link rel=\"canonical\" href=\"https:\/\/prevision-h2020.eu\/fr\/produkt\/floravia\/\" \/>\n<meta property=\"og:locale\" content=\"fr_FR\" \/>\n<meta property=\"og:type\" content=\"article\" \/>\n<meta property=\"og:title\" content=\"Floravia Avis \u2623\ufe0f \u00c9conomisez 43 % d\u00e8s maintenant en France\" \/>\n<meta property=\"og:description\" content=\"Dans un monde o\u00f9 le bien-\u00eatre et la sant\u00e9 personnelle occupent une place de plus en plus importante, il est essentiel de trouver des produits qui soient non seulement efficaces, mais aussi naturels. Floravia s&rsquo;est impos\u00e9 comme l&rsquo;un de ces produits. Gr\u00e2ce \u00e0 sa combinaison unique d&rsquo;ingr\u00e9dients naturels, Floravia promet de favoriser le bien-\u00eatre g\u00e9n\u00e9ral ... Weiterlesen ...\" \/>\n<meta property=\"og:url\" content=\"https:\/\/prevision-h2020.eu\/fr\/produkt\/floravia\/\" \/>\n<meta property=\"og:site_name\" content=\"prevision-h2020.eu\" \/>\n<meta property=\"article:modified_time\" content=\"2025-09-29T15:32:53+00:00\" \/>\n<meta property=\"og:image\" content=\"https:\/\/prevision-h2020.eu\/wp-content\/uploads\/2025\/03\/floravia.jpg\" \/>\n\t<meta property=\"og:image:width\" content=\"800\" \/>\n\t<meta property=\"og:image:height\" content=\"800\" \/>\n\t<meta property=\"og:image:type\" content=\"image\/jpeg\" \/>\n<meta name=\"twitter:card\" content=\"summary_large_image\" \/>\n<meta name=\"twitter:label1\" content=\"Dur\u00e9e de lecture estim\u00e9e\" \/>\n\t<meta name=\"twitter:data1\" content=\"4 minutes\" \/>\n<script type=\"application\/ld+json\" class=\"yoast-schema-graph\">{\"@context\":\"https:\\\/\\\/schema.org\",\"@graph\":[{\"@type\":\"WebPage\",\"@id\":\"https:\\\/\\\/prevision-h2020.eu\\\/fr\\\/produkt\\\/floravia\\\/\",\"url\":\"https:\\\/\\\/prevision-h2020.eu\\\/fr\\\/produkt\\\/floravia\\\/\",\"name\":\"Floravia Avis \u2623\ufe0f \u00c9conomisez 43 % d\u00e8s maintenant en France\",\"isPartOf\":{\"@id\":\"https:\\\/\\\/prevision-h2020.eu\\\/fr\\\/#website\"},\"primaryImageOfPage\":{\"@id\":\"https:\\\/\\\/prevision-h2020.eu\\\/fr\\\/produkt\\\/floravia\\\/#primaryimage\"},\"image\":{\"@id\":\"https:\\\/\\\/prevision-h2020.eu\\\/fr\\\/produkt\\\/floravia\\\/#primaryimage\"},\"thumbnailUrl\":\"https:\\\/\\\/prevision-h2020.eu\\\/wp-content\\\/uploads\\\/2025\\\/03\\\/floravia.jpg\",\"datePublished\":\"2025-03-02T06:34:51+00:00\",\"dateModified\":\"2025-09-29T15:32:53+00:00\",\"breadcrumb\":{\"@id\":\"https:\\\/\\\/prevision-h2020.eu\\\/fr\\\/produkt\\\/floravia\\\/#breadcrumb\"},\"inLanguage\":\"fr-FR\",\"potentialAction\":[{\"@type\":\"ReadAction\",\"target\":[\"https:\\\/\\\/prevision-h2020.eu\\\/fr\\\/produkt\\\/floravia\\\/\"]}]},{\"@type\":\"ImageObject\",\"inLanguage\":\"fr-FR\",\"@id\":\"https:\\\/\\\/prevision-h2020.eu\\\/fr\\\/produkt\\\/floravia\\\/#primaryimage\",\"url\":\"https:\\\/\\\/prevision-h2020.eu\\\/wp-content\\\/uploads\\\/2025\\\/03\\\/floravia.jpg\",\"contentUrl\":\"https:\\\/\\\/prevision-h2020.eu\\\/wp-content\\\/uploads\\\/2025\\\/03\\\/floravia.jpg\",\"width\":800,\"height\":800},{\"@type\":\"BreadcrumbList\",\"@id\":\"https:\\\/\\\/prevision-h2020.eu\\\/fr\\\/produkt\\\/floravia\\\/#breadcrumb\",\"itemListElement\":[{\"@type\":\"ListItem\",\"position\":1,\"name\":\"Startseite\",\"item\":\"https:\\\/\\\/prevision-h2020.eu\\\/fr\\\/\"},{\"@type\":\"ListItem\",\"position\":2,\"name\":\"Boutique\",\"item\":\"https:\\\/\\\/prevision-h2020.eu\\\/fr\\\/boutique\\\/\"},{\"@type\":\"ListItem\",\"position\":3,\"name\":\"Floravia\"}]},{\"@type\":\"WebSite\",\"@id\":\"https:\\\/\\\/prevision-h2020.eu\\\/fr\\\/#website\",\"url\":\"https:\\\/\\\/prevision-h2020.eu\\\/fr\\\/\",\"name\":\"prevision-h2020.eu\",\"description\":\"\",\"publisher\":{\"@id\":\"https:\\\/\\\/prevision-h2020.eu\\\/fr\\\/#organization\"},\"potentialAction\":[{\"@type\":\"SearchAction\",\"target\":{\"@type\":\"EntryPoint\",\"urlTemplate\":\"https:\\\/\\\/prevision-h2020.eu\\\/fr\\\/?s={search_term_string}\"},\"query-input\":{\"@type\":\"PropertyValueSpecification\",\"valueRequired\":true,\"valueName\":\"search_term_string\"}}],\"inLanguage\":\"fr-FR\"},{\"@type\":\"Organization\",\"@id\":\"https:\\\/\\\/prevision-h2020.eu\\\/fr\\\/#organization\",\"name\":\"prevision-h2020.eu\",\"url\":\"https:\\\/\\\/prevision-h2020.eu\\\/fr\\\/\",\"logo\":{\"@type\":\"ImageObject\",\"inLanguage\":\"fr-FR\",\"@id\":\"https:\\\/\\\/prevision-h2020.eu\\\/fr\\\/#\\\/schema\\\/logo\\\/image\\\/\",\"url\":\"https:\\\/\\\/prevision-h2020.eu\\\/wp-content\\\/uploads\\\/2025\\\/07\\\/logo.jpg\",\"contentUrl\":\"https:\\\/\\\/prevision-h2020.eu\\\/wp-content\\\/uploads\\\/2025\\\/07\\\/logo.jpg\",\"width\":272,\"height\":130,\"caption\":\"prevision-h2020.eu\"},\"image\":{\"@id\":\"https:\\\/\\\/prevision-h2020.eu\\\/fr\\\/#\\\/schema\\\/logo\\\/image\\\/\"}}]}<\/script>\n<!-- \/ Yoast SEO plugin. -->","yoast_head_json":{"title":"Floravia Avis \u2623\ufe0f \u00c9conomisez 43 % d\u00e8s maintenant en France","robots":{"index":"index","follow":"follow","max-snippet":"max-snippet:-1","max-image-preview":"max-image-preview:large","max-video-preview":"max-video-preview:-1"},"canonical":"https:\/\/prevision-h2020.eu\/fr\/produkt\/floravia\/","og_locale":"fr_FR","og_type":"article","og_title":"Floravia Avis \u2623\ufe0f \u00c9conomisez 43 % d\u00e8s maintenant en France","og_description":"Dans un monde o\u00f9 le bien-\u00eatre et la sant\u00e9 personnelle occupent une place de plus en plus importante, il est essentiel de trouver des produits qui soient non seulement efficaces, mais aussi naturels. Floravia s&rsquo;est impos\u00e9 comme l&rsquo;un de ces produits. Gr\u00e2ce \u00e0 sa combinaison unique d&rsquo;ingr\u00e9dients naturels, Floravia promet de favoriser le bien-\u00eatre g\u00e9n\u00e9ral ... Weiterlesen ...","og_url":"https:\/\/prevision-h2020.eu\/fr\/produkt\/floravia\/","og_site_name":"prevision-h2020.eu","article_modified_time":"2025-09-29T15:32:53+00:00","og_image":[{"width":800,"height":800,"url":"https:\/\/prevision-h2020.eu\/wp-content\/uploads\/2025\/03\/floravia.jpg","type":"image\/jpeg"}],"twitter_card":"summary_large_image","twitter_misc":{"Dur\u00e9e de lecture estim\u00e9e":"4 minutes"},"schema":{"@context":"https:\/\/schema.org","@graph":[{"@type":"WebPage","@id":"https:\/\/prevision-h2020.eu\/fr\/produkt\/floravia\/","url":"https:\/\/prevision-h2020.eu\/fr\/produkt\/floravia\/","name":"Floravia Avis \u2623\ufe0f \u00c9conomisez 43 % d\u00e8s maintenant en France","isPartOf":{"@id":"https:\/\/prevision-h2020.eu\/fr\/#website"},"primaryImageOfPage":{"@id":"https:\/\/prevision-h2020.eu\/fr\/produkt\/floravia\/#primaryimage"},"image":{"@id":"https:\/\/prevision-h2020.eu\/fr\/produkt\/floravia\/#primaryimage"},"thumbnailUrl":"https:\/\/prevision-h2020.eu\/wp-content\/uploads\/2025\/03\/floravia.jpg","datePublished":"2025-03-02T06:34:51+00:00","dateModified":"2025-09-29T15:32:53+00:00","breadcrumb":{"@id":"https:\/\/prevision-h2020.eu\/fr\/produkt\/floravia\/#breadcrumb"},"inLanguage":"fr-FR","potentialAction":[{"@type":"ReadAction","target":["https:\/\/prevision-h2020.eu\/fr\/produkt\/floravia\/"]}]},{"@type":"ImageObject","inLanguage":"fr-FR","@id":"https:\/\/prevision-h2020.eu\/fr\/produkt\/floravia\/#primaryimage","url":"https:\/\/prevision-h2020.eu\/wp-content\/uploads\/2025\/03\/floravia.jpg","contentUrl":"https:\/\/prevision-h2020.eu\/wp-content\/uploads\/2025\/03\/floravia.jpg","width":800,"height":800},{"@type":"BreadcrumbList","@id":"https:\/\/prevision-h2020.eu\/fr\/produkt\/floravia\/#breadcrumb","itemListElement":[{"@type":"ListItem","position":1,"name":"Startseite","item":"https:\/\/prevision-h2020.eu\/fr\/"},{"@type":"ListItem","position":2,"name":"Boutique","item":"https:\/\/prevision-h2020.eu\/fr\/boutique\/"},{"@type":"ListItem","position":3,"name":"Floravia"}]},{"@type":"WebSite","@id":"https:\/\/prevision-h2020.eu\/fr\/#website","url":"https:\/\/prevision-h2020.eu\/fr\/","name":"prevision-h2020.eu","description":"","publisher":{"@id":"https:\/\/prevision-h2020.eu\/fr\/#organization"},"potentialAction":[{"@type":"SearchAction","target":{"@type":"EntryPoint","urlTemplate":"https:\/\/prevision-h2020.eu\/fr\/?s={search_term_string}"},"query-input":{"@type":"PropertyValueSpecification","valueRequired":true,"valueName":"search_term_string"}}],"inLanguage":"fr-FR"},{"@type":"Organization","@id":"https:\/\/prevision-h2020.eu\/fr\/#organization","name":"prevision-h2020.eu","url":"https:\/\/prevision-h2020.eu\/fr\/","logo":{"@type":"ImageObject","inLanguage":"fr-FR","@id":"https:\/\/prevision-h2020.eu\/fr\/#\/schema\/logo\/image\/","url":"https:\/\/prevision-h2020.eu\/wp-content\/uploads\/2025\/07\/logo.jpg","contentUrl":"https:\/\/prevision-h2020.eu\/wp-content\/uploads\/2025\/07\/logo.jpg","width":272,"height":130,"caption":"prevision-h2020.eu"},"image":{"@id":"https:\/\/prevision-h2020.eu\/fr\/#\/schema\/logo\/image\/"}}]}},"_links":{"self":[{"href":"https:\/\/prevision-h2020.eu\/fr\/wp-json\/wp\/v2\/product\/4383","targetHints":{"allow":["GET"]}}],"collection":[{"href":"https:\/\/prevision-h2020.eu\/fr\/wp-json\/wp\/v2\/product"}],"about":[{"href":"https:\/\/prevision-h2020.eu\/fr\/wp-json\/wp\/v2\/types\/product"}],"replies":[{"embeddable":true,"href":"https:\/\/prevision-h2020.eu\/fr\/wp-json\/wp\/v2\/comments?post=4383"}],"wp:featuredmedia":[{"embeddable":true,"href":"https:\/\/prevision-h2020.eu\/fr\/wp-json\/wp\/v2\/media\/3635"}],"wp:attachment":[{"href":"https:\/\/prevision-h2020.eu\/fr\/wp-json\/wp\/v2\/media?parent=4383"}],"wp:term":[{"taxonomy":"product_brand","embeddable":true,"href":"https:\/\/prevision-h2020.eu\/fr\/wp-json\/wp\/v2\/product_brand?post=4383"},{"taxonomy":"product_cat","embeddable":true,"href":"https:\/\/prevision-h2020.eu\/fr\/wp-json\/wp\/v2\/product_cat?post=4383"},{"taxonomy":"product_tag","embeddable":true,"href":"https:\/\/prevision-h2020.eu\/fr\/wp-json\/wp\/v2\/product_tag?post=4383"}],"curies":[{"name":"wp","href":"https:\/\/api.w.org\/{rel}","templated":true}]}}